{"id":87,"date":"2023-02-15T23:57:51","date_gmt":"2023-02-15T23:57:51","guid":{"rendered":"https:\/\/bahamondes.cl\/?page_id=87"},"modified":"2023-02-16T02:50:25","modified_gmt":"2023-02-16T02:50:25","slug":"servicios-2","status":"publish","type":"page","link":"https:\/\/bahamondes.cl\/index.php\/servicios-2\/","title":{"rendered":"Servicios"},"content":{"rendered":"<p>[et_pb_section fb_built=\u00bb1&#8243; admin_label=\u00bbHero Section\u00bb _builder_version=\u00bb4.16&#8243; custom_padding=\u00bb0|0px|0px|0px\u00bb global_colors_info=\u00bb{}\u00bb][et_pb_row column_structure=\u00bb1_2,1_2&#8243; use_custom_gutter=\u00bbon\u00bb make_equal=\u00bbon\u00bb _builder_version=\u00bb4.19.5&#8243; width=\u00bb100%\u00bb max_width=\u00bb100%\u00bb custom_padding=\u00bb0px|0|0px|\u00bb use_custom_width=\u00bbon\u00bb width_unit=\u00bboff\u00bb custom_width_percent=\u00bb100%\u00bb global_colors_info=\u00bb{}\u00bb][et_pb_column type=\u00bb1_2&#8243; _builder_version=\u00bb4.16&#8243; custom_padding=\u00bb200px|4%|200px|8%\u00bb custom_padding_tablet=\u00bb60px|10%|60px|10%\u00bb custom_padding_phone=\u00bb60px|10%|60px|10%\u00bb custom_padding_last_edited=\u00bbon|tablet\u00bb global_colors_info=\u00bb{}\u00bb padding_tablet=\u00bb60px|10%|60px|10%\u00bb padding_last_edited=\u00bbon|tablet\u00bb custom_padding__hover=\u00bb|||\u00bb padding_phone=\u00bb60px|10%|60px|10%\u00bb][et_pb_text _builder_version=\u00bb4.19.5&#8243; text_font=\u00bb||||||||\u00bb header_font=\u00bb||||||||\u00bb header_3_font=\u00bbKarla|700||on|||||\u00bb header_3_text_color=\u00bb#c2ab92&#8243; header_3_font_size=\u00bb16px\u00bb header_3_letter_spacing=\u00bb1px\u00bb background_layout=\u00bbdark\u00bb max_width=\u00bb600px\u00bb module_alignment=\u00bbleft\u00bb custom_margin=\u00bb||20px|\u00bb locked=\u00bboff\u00bb global_colors_info=\u00bb{}\u00bb]<\/p>\n<h1 id=\"custom-title-h1-1\" class=\"ui--animation \"><em><span style=\"color: #000000;\"><strong>Reconstrucci\u00f3n de accidentes<\/strong><\/span><\/em><\/h1>\n<p>[\/et_pb_text][et_pb_text _builder_version=\u00bb4.19.5&#8243; text_font=\u00bbKarla||||||||\u00bb text_font_size=\u00bb18px\u00bb text_line_height=\u00bb1.8em\u00bb header_font=\u00bbCormorant Garamond||||||||\u00bb header_font_size=\u00bb56px\u00bb header_line_height=\u00bb1.4em\u00bb max_width=\u00bb600px\u00bb hover_enabled=\u00bb0&#8243; header_font_size_tablet=\u00bb40px\u00bb header_font_size_phone=\u00bb\u00bb header_font_size_last_edited=\u00bbon|tablet\u00bb locked=\u00bboff\u00bb global_colors_info=\u00bb{}\u00bb sticky_enabled=\u00bb0&#8243;]<\/p>\n<h4 style=\"text-align: center;\"><em>An\u00e1lisis del parte policial, y\/o Querella, Demandas &#8211; C\u00e1lculo de velocidades, Establecer responsabilidades civiles y penales y causa basal del accidente.<\/em><\/h4>\n<p style=\"text-align: justify;\">La reconstrucci\u00f3n de accidentes es una t\u00e9cnica de investigaci\u00f3n compleja que pretende recabar toda la informaci\u00f3n y los datos necesarios para poder deducir, de forma l\u00f3gica y fundada, las causas, los responsables y el contexto en el que se ha producido dicho accidente, as\u00ed como las consecuencias que se derivan del mismo.<\/p>\n<p>[\/et_pb_text][et_pb_image src=\u00bbhttps:\/\/bahamondes.cl\/wp-content\/uploads\/2023\/02\/apoquindo1.jpeg\u00bb title_text=\u00bbapoquindo1&#8243; _builder_version=\u00bb4.19.5&#8243; _module_preset=\u00bbdefault\u00bb global_colors_info=\u00bb{}\u00bb][\/et_pb_image][et_pb_text _builder_version=\u00bb4.19.5&#8243; _module_preset=\u00bbdefault\u00bb global_colors_info=\u00bb{}\u00bb]<\/p>\n<p style=\"text-align: justify;\">La investigaci\u00f3n del origen y causas de un accidente de tr\u00e1nsito, frecuentemente no es tan simple como suele aparentar.<\/p>\n<p>Para el perito especializado es necesario analizar y estudiar detenidamente el caso, a partir de la informaci\u00f3n del Parte de Carabineros, pero tambien a partir de la inspecci\u00f3n in situ, a partir de su propia metodolog\u00eda.<\/p>\n<p>[\/et_pb_text][et_pb_text _builder_version=\u00bb4.19.5&#8243; _module_preset=\u00bbdefault\u00bb hover_enabled=\u00bb0&#8243; global_colors_info=\u00bb{}\u00bb sticky_enabled=\u00bb0&#8243;]<\/p>\n<ul class=\"ui--list list-circle parent-1\">\n<li class=\"child-1 total-8 ui--animation\">An\u00e1lisis del parte policial y\/o informes t\u00e9cnicos.<\/li>\n<li class=\"child-1 total-8 ui--animation\">(SIAT &#8211; LABOCAR &#8211; BICRIN &#8211; PDI).<\/li>\n<li class=\"child-2 total-8 ui--animation\">Realizaci\u00f3n de mediciones y c\u00e1lculos (velocidades de los veh\u00edculos, desplazamientos, tiempo de reacci\u00f3n, etc).<\/li>\n<li class=\"child-3 total-8 ui--animation\">Determinaci\u00f3n de responsabilidades, An\u00e1lisis de declaraciones de testigos. Inspecci\u00f3n ocular del sitio del suceso, an\u00e1lisis de atropellos.<\/li>\n<li class=\"child-4 total-8 ui--animation\">Inspecci\u00f3n mec\u00e1nica y de da\u00f1os estructurales de los diferentes veh\u00edculos participantes.<\/li>\n<li class=\"child-5 total-8 ui--animation\">Identificaci\u00f3n de v\u00edctimas y participantes.<\/li>\n<li class=\"child-6 total-8 ui--animation\">An\u00e1lisis de huellas en el terreno.<\/li>\n<li class=\"child-7 total-8 ui--animation\">An\u00e1lisis de discos de tac\u00f3grafo, e informaci\u00f3n del GPS.<\/li>\n<li class=\"child-8 total-8 ui--animation\">Valoraci\u00f3n t\u00e9cnica de informes acompa\u00f1ados al proceso y\/o incorporados a la carpeta del Ministerio P\u00fablico.<\/li>\n<\/ul>\n<p>[\/et_pb_text][et_pb_text _builder_version=\u00bb4.19.5&#8243; _module_preset=\u00bbdefault\u00bb global_colors_info=\u00bb{}\u00bb]<\/p>\n<p><span>An\u00e1lisis del parte policial, y\/o Querella, Demandas &#8211; C\u00e1lculo de velocidades, Establecer responsabilidades.<\/span><br \/><span>El objetivo es siempre el cotejo de toda la informaci\u00f3n obtenida, la realizaci\u00f3n de hip\u00f3tesis sobre el terreno y la b\u00fasqueda de nuevos indicios para que el resultado sea siempre un informe pericial basado en la argumentaci\u00f3n t\u00e9cnica.<\/span><\/p>\n<p>[\/et_pb_text][\/et_pb_column][et_pb_column type=\u00bb1_2&#8243; _builder_version=\u00bb4.19.5&#8243; background_color=\u00bbRGBA(255,255,255,0)\u00bb use_background_color_gradient=\u00bbon\u00bb background_color_gradient_stops=\u00bbrgba(18,18,18,0.5) 0%|#121212 100%\u00bb background_color_gradient_overlays_image=\u00bbon\u00bb background_color_gradient_start=\u00bbrgba(18,18,18,0.5)\u00bb background_color_gradient_end=\u00bb#121212&#8243; background_image=\u00bbhttps:\/\/bahamondes.cl\/wp-content\/uploads\/2023\/02\/siat.jpeg\u00bb custom_padding=\u00bb100px||100px|\u00bb custom_padding_tablet=\u00bb60px||60px|\u00bb custom_padding_phone=\u00bb60px||60px|\u00bb custom_padding_last_edited=\u00bbon|desktop\u00bb global_colors_info=\u00bb{}\u00bb padding_tablet=\u00bb60px||60px|\u00bb padding_last_edited=\u00bbon|desktop\u00bb custom_padding__hover=\u00bb|||\u00bb padding_phone=\u00bb60px||60px|\u00bb][\/et_pb_column][\/et_pb_row][\/et_pb_section][et_pb_section fb_built=\u00bb1&#8243; admin_label=\u00bbServices\u00bb _builder_version=\u00bb4.16&#8243; background_color=\u00bb#121212&#8243; custom_padding=\u00bb100px|0px|100px|0px\u00bb global_colors_info=\u00bb{}\u00bb][et_pb_row _builder_version=\u00bb4.16&#8243; custom_margin=\u00bb|||\u00bb custom_padding=\u00bb27px|0px|0|0px\u00bb border_color_all=\u00bb#1a1a1a\u00bb global_colors_info=\u00bb{}\u00bb][et_pb_column type=\u00bb4_4&#8243; _builder_version=\u00bb4.16&#8243; custom_padding=\u00bb|||\u00bb global_colors_info=\u00bb{}\u00bb custom_padding__hover=\u00bb|||\u00bb][et_pb_text _builder_version=\u00bb4.19.5&#8243; text_font=\u00bb||||||||\u00bb header_font=\u00bb||||||||\u00bb header_3_font=\u00bbKarla|700||on|||||\u00bb header_3_text_color=\u00bbrgba(255,255,255,0.6)\u00bb header_3_font_size=\u00bb16px\u00bb header_3_letter_spacing=\u00bb1px\u00bb background_layout=\u00bbdark\u00bb max_width=\u00bb600px\u00bb module_alignment=\u00bbleft\u00bb custom_margin=\u00bb|||\u00bb locked=\u00bboff\u00bb global_colors_info=\u00bb{}\u00bb]<\/p>\n<h3>Servicios<\/h3>\n<p>[\/et_pb_text][\/et_pb_column][\/et_pb_row][et_pb_row column_structure=\u00bb1_2,1_2&#8243; _builder_version=\u00bb4.16&#8243; custom_margin=\u00bb|||\u00bb custom_padding=\u00bb|||\u00bb animation_style=\u00bbslide\u00bb animation_direction=\u00bbbottom\u00bb animation_intensity_slide=\u00bb6%\u00bb global_colors_info=\u00bb{}\u00bb][et_pb_column type=\u00bb1_2&#8243; _builder_version=\u00bb4.16&#8243; custom_padding=\u00bb|||\u00bb global_colors_info=\u00bb{}\u00bb custom_padding__hover=\u00bb|||\u00bb][et_pb_blurb title=\u00bbAsesoramiento de Empresas\u00bb image=\u00bbhttps:\/\/bahamondes.cl\/wp-content\/uploads\/2023\/02\/architecture-firm-07.png\u00bb icon_placement=\u00bbleft\u00bb image_icon_width=\u00bb76px\u00bb content_max_width=\u00bb100%\u00bb _builder_version=\u00bb4.19.5&#8243; header_font=\u00bbCormorant Garamond||||||||\u00bb header_font_size=\u00bb32px\u00bb body_font=\u00bbKarla||||||||\u00bb body_text_color=\u00bbrgba(255,255,255,0.7)\u00bb body_font_size=\u00bb18px\u00bb body_line_height=\u00bb1.8em\u00bb background_layout=\u00bbdark\u00bb custom_margin=\u00bb60px|||\u00bb animation=\u00bboff\u00bb image_max_width=\u00bb76px\u00bb global_colors_info=\u00bb{}\u00bb]<\/p>\n<p>dudas consultas a <a href=\"mailto:leyla@bahamomdes\">leyla@bahamondes.cl<\/a><\/p>\n<p>[\/et_pb_blurb][\/et_pb_column][et_pb_column type=\u00bb1_2&#8243; _builder_version=\u00bb4.16&#8243; custom_padding=\u00bb|||\u00bb global_colors_info=\u00bb{}\u00bb custom_padding__hover=\u00bb|||\u00bb][et_pb_blurb title=\u00bbAgendar reuni\u00f3n por zoom\u00bb image=\u00bbhttps:\/\/bahamondes.cl\/wp-content\/uploads\/2023\/02\/architecture-firm-04.png\u00bb icon_placement=\u00bbleft\u00bb image_icon_width=\u00bb76px\u00bb content_max_width=\u00bb100%\u00bb _builder_version=\u00bb4.19.5&#8243; header_font=\u00bbCormorant Garamond||||||||\u00bb header_font_size=\u00bb32px\u00bb body_font=\u00bbKarla||||||||\u00bb body_text_color=\u00bbrgba(255,255,255,0.7)\u00bb body_font_size=\u00bb18px\u00bb body_line_height=\u00bb1.8em\u00bb background_layout=\u00bbdark\u00bb custom_margin=\u00bb60px|||\u00bb custom_padding=\u00bb||0px|||\u00bb animation=\u00bboff\u00bb hover_enabled=\u00bb0&#8243; image_max_width=\u00bb76px\u00bb global_colors_info=\u00bb{}\u00bb sticky_enabled=\u00bb0&#8243;]<\/p>\n<p>Mandar correo para agendar y solicitar link de zoom a leyla@bahamondes.cl<\/p>\n<p>[\/et_pb_blurb][\/et_pb_column][\/et_pb_row][et_pb_row column_structure=\u00bb1_2,1_2&#8243; _builder_version=\u00bb4.16&#8243; custom_margin=\u00bb|||\u00bb custom_padding=\u00bb|||\u00bb animation_style=\u00bbslide\u00bb animation_direction=\u00bbbottom\u00bb animation_intensity_slide=\u00bb6%\u00bb global_colors_info=\u00bb{}\u00bb][et_pb_column type=\u00bb1_2&#8243; _builder_version=\u00bb4.16&#8243; custom_padding=\u00bb|||\u00bb global_colors_info=\u00bb{}\u00bb custom_padding__hover=\u00bb|||\u00bb][et_pb_blurb title=\u00bbCharlas y Cursos\u00bb image=\u00bbhttps:\/\/bahamondes.cl\/wp-content\/uploads\/2023\/02\/architecture-firm-06.png\u00bb icon_placement=\u00bbleft\u00bb image_icon_width=\u00bb76px\u00bb content_max_width=\u00bb100%\u00bb _builder_version=\u00bb4.19.5&#8243; header_font=\u00bbCormorant Garamond||||||||\u00bb header_font_size=\u00bb32px\u00bb body_font=\u00bbKarla||||||||\u00bb body_text_color=\u00bbrgba(255,255,255,0.7)\u00bb body_font_size=\u00bb18px\u00bb body_line_height=\u00bb1.8em\u00bb background_layout=\u00bbdark\u00bb custom_margin=\u00bb60px|||\u00bb animation=\u00bboff\u00bb image_max_width=\u00bb76px\u00bb global_colors_info=\u00bb{}\u00bb]<\/p>\n<p>en construcci\u00f3n<\/p>\n<p>[\/et_pb_blurb][\/et_pb_column][et_pb_column type=\u00bb1_2&#8243; _builder_version=\u00bb4.16&#8243; custom_padding=\u00bb|||\u00bb global_colors_info=\u00bb{}\u00bb custom_padding__hover=\u00bb|||\u00bb][et_pb_blurb title=\u00bbQue hacer en caso de emergencia\u00bb image=\u00bbhttps:\/\/bahamondes.cl\/wp-content\/uploads\/2023\/02\/architecture-firm-09.png\u00bb icon_placement=\u00bbleft\u00bb image_icon_width=\u00bb76px\u00bb content_max_width=\u00bb100%\u00bb _builder_version=\u00bb4.19.5&#8243; header_font=\u00bbCormorant Garamond||||||||\u00bb header_font_size=\u00bb32px\u00bb body_font=\u00bbKarla||||||||\u00bb body_text_color=\u00bbrgba(255,255,255,0.7)\u00bb body_font_size=\u00bb18px\u00bb body_line_height=\u00bb1.8em\u00bb background_layout=\u00bbdark\u00bb custom_margin=\u00bb60px|||\u00bb animation=\u00bboff\u00bb image_max_width=\u00bb76px\u00bb global_colors_info=\u00bb{}\u00bb]<\/p>\n<ul>\n<li>Consultas urgentes al wzp +56958943578 (leyla).<\/li>\n<li>Consultas generales horario oficina 09:00 a 19.00 (julio bahamondes)<\/li>\n<\/ul>\n<p>&nbsp;<\/p>\n<p>[\/et_pb_blurb][\/et_pb_column][\/et_pb_row][\/et_pb_section]<\/p>\n","protected":false},"excerpt":{"rendered":"<p>Reconstrucci\u00f3n de accidentesAn\u00e1lisis del parte policial, y\/o Querella, Demandas &#8211; C\u00e1lculo de velocidades, Establecer responsabilidades civiles y penales y causa basal del accidente. La reconstrucci\u00f3n de accidentes es una t\u00e9cnica de investigaci\u00f3n compleja que pretende recabar toda la informaci\u00f3n y los datos necesarios para poder deducir, de forma l\u00f3gica y fundada, las causas, los responsables [&hellip;]<\/p>\n","protected":false},"author":1,"featured_media":0,"parent":0,"menu_order":0,"comment_status":"closed","ping_status":"closed","template":"","meta":{"_et_pb_use_builder":"on","_et_pb_old_content":"","_et_gb_content_width":""},"_links":{"self":[{"href":"https:\/\/bahamondes.cl\/index.php\/wp-json\/wp\/v2\/pages\/87"}],"collection":[{"href":"https:\/\/bahamondes.cl\/index.php\/wp-json\/wp\/v2\/pages"}],"about":[{"href":"https:\/\/bahamondes.cl\/index.php\/wp-json\/wp\/v2\/types\/page"}],"author":[{"embeddable":true,"href":"https:\/\/bahamondes.cl\/index.php\/wp-json\/wp\/v2\/users\/1"}],"replies":[{"embeddable":true,"href":"https:\/\/bahamondes.cl\/index.php\/wp-json\/wp\/v2\/comments?post=87"}],"version-history":[{"count":6,"href":"https:\/\/bahamondes.cl\/index.php\/wp-json\/wp\/v2\/pages\/87\/revisions"}],"predecessor-version":[{"id":117,"href":"https:\/\/bahamondes.cl\/index.php\/wp-json\/wp\/v2\/pages\/87\/revisions\/117"}],"wp:attachment":[{"href":"https:\/\/bahamondes.cl\/index.php\/wp-json\/wp\/v2\/media?parent=87"}],"curies":[{"name":"wp","href":"https:\/\/api.w.org\/{rel}","templated":true}]}}