{"id":15,"date":"2023-02-15T22:03:41","date_gmt":"2023-02-15T22:03:41","guid":{"rendered":"https:\/\/bahamondes.cl\/?page_id=15"},"modified":"2023-03-01T19:28:18","modified_gmt":"2023-03-01T19:28:18","slug":"inicio","status":"publish","type":"page","link":"https:\/\/bahamondes.cl\/","title":{"rendered":"Inicio"},"content":{"rendered":"<p>[et_pb_section fb_built=\u00bb1&#8243; admin_label=\u00bbHero Section\u00bb _builder_version=\u00bb4.19.5&#8243; custom_padding=\u00bb0|0px|0px|0px\u00bb global_colors_info=\u00bb{}\u00bb][et_pb_row column_structure=\u00bb1_2,1_2&#8243; use_custom_gutter=\u00bbon\u00bb make_equal=\u00bbon\u00bb _builder_version=\u00bb4.16&#8243; width=\u00bb100%\u00bb max_width=\u00bb100%\u00bb custom_margin=\u00bb|auto|-72px|auto||\u00bb custom_padding=\u00bb0px|0|0px|\u00bb use_custom_width=\u00bbon\u00bb width_unit=\u00bboff\u00bb custom_width_percent=\u00bb100%\u00bb global_colors_info=\u00bb{}\u00bb][et_pb_column type=\u00bb1_2&#8243; _builder_version=\u00bb4.16&#8243; custom_padding=\u00bb200px|4%|200px|8%\u00bb custom_padding_tablet=\u00bb60px|10%|60px|10%\u00bb custom_padding_phone=\u00bb60px|10%|60px|10%\u00bb custom_padding_last_edited=\u00bbon|tablet\u00bb global_colors_info=\u00bb{}\u00bb padding_tablet=\u00bb60px|10%|60px|10%\u00bb padding_last_edited=\u00bbon|tablet\u00bb custom_padding__hover=\u00bb|||\u00bb padding_phone=\u00bb60px|10%|60px|10%\u00bb][et_pb_text _builder_version=\u00bb4.19.5&#8243; text_font=\u00bb||||||||\u00bb header_font=\u00bb||||||||\u00bb header_3_font=\u00bbKarla|700||on|||||\u00bb header_3_text_color=\u00bb#c2ab92&#8243; header_3_font_size=\u00bb16px\u00bb header_3_letter_spacing=\u00bb1px\u00bb background_layout=\u00bbdark\u00bb max_width=\u00bb600px\u00bb module_alignment=\u00bbleft\u00bb custom_margin=\u00bb||20px|\u00bb locked=\u00bboff\u00bb global_colors_info=\u00bb{}\u00bb]<\/p>\n<h1 id=\"custom-title-h1-1\" class=\"fx--fadein-btt ui--animation-fire\" delay=\"0\" style=\"text-align: justify;\"><span style=\"color: #000000;\"><strong>Miembro fundador del Colegio Profesional de Peritos de Chile. AG.<\/strong><\/span><\/h1>\n<p>[\/et_pb_text][et_pb_image src=\u00bbhttps:\/\/bahamondes.cl\/wp-content\/uploads\/2023\/02\/periperi.jpg\u00bb title_text=\u00bbperiperi\u00bb _builder_version=\u00bb4.19.5&#8243; _module_preset=\u00bbdefault\u00bb global_colors_info=\u00bb{}\u00bb][\/et_pb_image][et_pb_text _builder_version=\u00bb4.19.5&#8243; text_font=\u00bbKarla||||||||\u00bb text_font_size=\u00bb18px\u00bb text_line_height=\u00bb1.8em\u00bb header_font=\u00bbCormorant Garamond||||||||\u00bb header_font_size=\u00bb56px\u00bb header_line_height=\u00bb1.4em\u00bb header_2_font=\u00bb||||||||\u00bb header_3_font=\u00bb||||||||\u00bb max_width=\u00bb821px\u00bb custom_padding=\u00bb|0px||||\u00bb header_font_size_tablet=\u00bb40px\u00bb header_font_size_phone=\u00bb\u00bb header_font_size_last_edited=\u00bbon|tablet\u00bb locked=\u00bboff\u00bb global_colors_info=\u00bb{}\u00bb]<\/p>\n<h1 style=\"text-align: left;\">Atenci\u00f3n en todo chile:<\/h1>\n<h4 id=\"custom-title-h4-1\" class=\"fx--fadein-ltr ui--animation-fire\" delay=\"1600\" style=\"text-align: justify;\">Actualmente estamos inscritos en todas las jurisdicciones<br \/>de las Cortes de Apelaciones del pa\u00eds.<br \/>Desde Arica hasta Punta Arenas, ratificados por la Excma. Corte Suprema de Justicia.<\/h4>\n<p>[\/et_pb_text][et_pb_image src=\u00bbhttps:\/\/bahamondes.cl\/wp-content\/uploads\/2023\/02\/Julio_1.jpeg\u00bb title_text=\u00bbJulio_1&#8243; _builder_version=\u00bb4.19.5&#8243; _module_preset=\u00bbdefault\u00bb global_colors_info=\u00bb{}\u00bb][\/et_pb_image][et_pb_image src=\u00bbhttps:\/\/bahamondes.cl\/wp-content\/uploads\/2023\/02\/Julio_2.jpeg\u00bb title_text=\u00bbJulio_2&#8243; _builder_version=\u00bb4.19.5&#8243; _module_preset=\u00bbdefault\u00bb global_colors_info=\u00bb{}\u00bb][\/et_pb_image][\/et_pb_column][et_pb_column type=\u00bb1_2&#8243; _builder_version=\u00bb4.16&#8243; use_background_color_gradient=\u00bbon\u00bb background_color_gradient_stops=\u00bbrgba(18,18,18,0.5) 0%|#121212 100%\u00bb background_color_gradient_overlays_image=\u00bbon\u00bb background_color_gradient_start=\u00bbrgba(18,18,18,0.5)\u00bb background_color_gradient_end=\u00bb#121212&#8243; background_image=\u00bbhttps:\/\/bahamondes.cl\/wp-content\/uploads\/2023\/02\/architect-firm-02.jpg\u00bb custom_padding=\u00bb100px||100px|\u00bb custom_padding_tablet=\u00bb60px||60px|\u00bb custom_padding_phone=\u00bb60px||60px|\u00bb custom_padding_last_edited=\u00bbon|desktop\u00bb global_colors_info=\u00bb{}\u00bb padding_tablet=\u00bb60px||60px|\u00bb padding_last_edited=\u00bbon|desktop\u00bb custom_padding__hover=\u00bb|||\u00bb padding_phone=\u00bb60px||60px|\u00bb][et_pb_image src=\u00bbhttps:\/\/bahamondes.cl\/wp-content\/uploads\/2023\/02\/palacio_tribunales.jpeg\u00bb title_text=\u00bbpalacio_tribunales\u00bb force_fullwidth=\u00bbon\u00bb align_tablet=\u00bbcenter\u00bb align_phone=\u00bbcenter\u00bb align_last_edited=\u00bbon|desktop\u00bb _builder_version=\u00bb4.19.5&#8243; max_width_tablet=\u00bb\u00bb max_width_phone=\u00bb\u00bb max_width_last_edited=\u00bbon|desktop\u00bb min_height=\u00bb1000px\u00bb custom_margin=\u00bb|||-8%\u00bb custom_margin_tablet=\u00bb60px|60px|60px|60px\u00bb custom_margin_phone=\u00bb\u00bb custom_margin_last_edited=\u00bbon|desktop\u00bb custom_padding=\u00bb|||\u00bb animation_style=\u00bbslide\u00bb animation_direction=\u00bbright\u00bb animation_intensity_slide=\u00bb4%\u00bb animation_starting_opacity=\u00bb50%\u00bb box_shadow_style=\u00bbpreset3&#8243; box_shadow_blur=\u00bb80px\u00bb global_colors_info=\u00bb{}\u00bb][\/et_pb_image][\/et_pb_column][\/et_pb_row][\/et_pb_section][et_pb_section fb_built=\u00bb1&#8243; admin_label=\u00bbBienvenidos a Peritos Chile\u00bb _builder_version=\u00bb4.19.5&#8243; background_color=\u00bb#121212&#8243; use_background_color_gradient=\u00bbon\u00bb background_color_gradient_stops=\u00bb#121212 20%|rgba(18,18,18,0.6) 100%\u00bb background_color_gradient_overlays_image=\u00bbon\u00bb background_color_gradient_start=\u00bb#121212&#8243; background_color_gradient_start_position=\u00bb20%\u00bb background_color_gradient_end=\u00bbrgba(18,18,18,0.6)\u00bb background_image=\u00bbhttps:\/\/bahamondes.cl\/wp-content\/uploads\/2023\/02\/architect-firm-01.jpg\u00bb min_height=\u00bb3115.5px\u00bb custom_margin=\u00bb-68px|||||\u00bb custom_padding=\u00bb0%|0px|20%|0px||\u00bb global_colors_info=\u00bb{}\u00bb][et_pb_row _builder_version=\u00bb4.16&#8243; min_height=\u00bb348.8px\u00bb custom_margin=\u00bb|||\u00bb custom_padding=\u00bb||60px|\u00bb animation_style=\u00bbfade\u00bb global_colors_info=\u00bb{}\u00bb][et_pb_column type=\u00bb4_4&#8243; _builder_version=\u00bb4.16&#8243; custom_padding=\u00bb|||\u00bb global_colors_info=\u00bb{}\u00bb custom_padding__hover=\u00bb|||\u00bb][et_pb_text _builder_version=\u00bb4.19.5&#8243; text_font=\u00bb||||||||\u00bb header_font=\u00bb||||||||\u00bb header_3_font=\u00bbKarla|700||on|||||\u00bb header_3_text_color=\u00bb#c2ab92&#8243; header_3_font_size=\u00bb16px\u00bb header_3_letter_spacing=\u00bb1px\u00bb text_orientation=\u00bbcenter\u00bb background_layout=\u00bbdark\u00bb module_alignment=\u00bbleft\u00bb custom_margin=\u00bb||20px|\u00bb locked=\u00bboff\u00bb global_colors_info=\u00bb{}\u00bb]<\/p>\n<h1 id=\"custom-title-h3-1\" class=\"fx--fadein-ltr ui--animation-fire\" delay=\"0\"><span style=\"color: #ff6600;\"><strong>Peritos Chile &#8211; 30 a\u00f1os de experiencia<\/strong><\/span><\/h1>\n<p>[\/et_pb_text][et_pb_text _builder_version=\u00bb4.19.5&#8243; text_font=\u00bbCormorant Garamond||||||||\u00bb text_font_size=\u00bb24px\u00bb text_line_height=\u00bb1.8em\u00bb header_font=\u00bb||||||||\u00bb header_4_font=\u00bbCormorant Garamond|300||on|||||\u00bb header_4_font_size=\u00bb13px\u00bb header_4_line_height=\u00bb1.8em\u00bb text_orientation=\u00bbcenter\u00bb background_layout=\u00bbdark\u00bb animation_style=\u00bbfade\u00bb border_width_all=\u00bb6px\u00bb border_width_right=\u00bb4px\u00bb global_colors_info=\u00bb{}\u00bb]<\/p>\n<p><span class=\"ui--block fx--fadein-ltr ui--animation-fire\" delay=\"400\"><\/span><\/p>\n<p><img decoding=\"async\" loading=\"lazy\" src=\"https:\/\/bahamondes.cl\/wp-content\/uploads\/2023\/02\/julio-1140x856-1-300x225.jpeg\" width=\"406\" height=\"305\" alt=\"\" class=\"wp-image-51 alignnone size-medium\" style=\"font-size: 24px;\" \/><span class=\"ui--block fx--fadein-ltr ui--animation-fire\" delay=\"400\"><\/span><\/p>\n<p><span class=\"ui--block fx--fadein-ltr ui--animation-fire\" delay=\"400\">El perito<\/span><span class=\"ui--block fx--fadein-ltr ui--animation-fire\" delay=\"400\" style=\"font-size: 24px;\">Judicial es un profesional <\/span><span class=\"ui--block fx--fadein-ltr ui--animation-fire\" delay=\"400\" style=\"font-size: 24px;\">experto que tiene conocimie<\/span><span style=\"font-size: 24px;\">nt<\/span><span style=\"font-size: 24px;\">o s<\/span><span style=\"font-size: 24px;\">obre una determinada materia, arte u oficio <\/span><span style=\"font-size: 24px;\">a trav\u00e9s de sus <\/span><span style=\"font-size: 24px;\">conocimientos y estu<\/span><span style=\"font-size: 24px;\">dios especializa<\/span><span style=\"font-size: 24px;\">dos, que ofrece informaci\u00f3n u opini\u00f3n fundada sobre los puntos que son materia de su informe.<\/span><\/p>\n<p>La actividad del Perito Judicial es como un operador jur\u00eddico m\u00e1s, de igual importancia que cualquier otro tal como sucede con el resto de los integrantes de un litigio.<\/p>\n<p>Siendo el Perito Judicial un experto, reconocido como el auxiliar de la justicia que colabora con la administraci\u00f3n de justicia en todos los aspectos cient\u00edficos o t\u00e9cnicos y encargado de solucionar en un proceso legal la aceptaci\u00f3n de la verdad cient\u00edfica y la entrega de real contundencia de las pruebas presentadas .<\/p>\n<p>Somos una empresa creada por profesionales del \u00e1rea Investigaci\u00f3n de Accidentes en el tr\u00e1nsito y Mec\u00e1nica, con m\u00e1s de 30 a\u00f1os de experiencia, cuyo objetivo es la prestaci\u00f3n del m\u00e1s completo servicio de gesti\u00f3n de alta calidad, rapidez y eficacia en los diversos accidentes del tr\u00e1nsito, tanto en Chile como en pa\u00edses l\u00edmitrofes.<\/p>\n<p style=\"text-align: justify;\">Se cuenta con una amplia experiencia en la investigaci\u00f3n de los m\u00e1s diversos accidentes de tr\u00e1nsito acontecidos en el pa\u00eds en el \u00faltimo tiempo, participando en connotados juicios del \u00e1rea Penal y Civil, que involucran accidentes de tr\u00e1nsito mineros, y ferroviarios, con fatales resultados y participaci\u00f3n de veh\u00edculos livianos, de transporte pesado y de pasajeros, los cuales se inspeccionan en la mayor\u00eda de la veces a las pocas horas de acontecido el accidente a petici\u00f3n y requerimiento de los Dptos. de Prevenci\u00f3n de Riesgos de empresas, Srs. Abogados y familiares de los involucrados, para as\u00ed entregar conclusiones al mandante como tambi\u00e9n a los diferentes Tribunales del pa\u00eds, Ministerio P\u00fablico-Defensor\u00eda Penal y especialmente a los Estudios Jur\u00eddicos, Compa\u00f1\u00edas de Seguros y muy especialmente a los Srs. Abogados independientes y a sus representados, con la finalidad de emprender la acciones legales pertinentes.<\/p>\n<p>[\/et_pb_text][\/et_pb_column][\/et_pb_row][et_pb_row column_structure=\u00bb1_4,1_4,1_4,1_4&#8243; _builder_version=\u00bb4.19.5&#8243; global_colors_info=\u00bb{}\u00bb][et_pb_column type=\u00bb1_4&#8243; _builder_version=\u00bb4.16&#8243; custom_padding=\u00bb|||\u00bb global_colors_info=\u00bb{}\u00bb custom_padding__hover=\u00bb|||\u00bb][et_pb_blurb title=\u00bbPara que un informe pericial?\u00bb use_icon=\u00bbon\u00bb font_icon=\u00bb&#x6b;||divi||400&#8243; _builder_version=\u00bb4.19.5&#8243; header_font=\u00bbCormorant Garamond||||||||\u00bb header_font_size=\u00bb24px\u00bb header_line_height=\u00bb1.8em\u00bb body_font=\u00bbKarla||||||||\u00bb body_text_color=\u00bbrgba(255,255,255,0.7)\u00bb body_font_size=\u00bb16px\u00bb body_line_height=\u00bb1.8em\u00bb text_orientation=\u00bbcenter\u00bb background_layout=\u00bbdark\u00bb animation=\u00bboff\u00bb global_colors_info=\u00bb{}\u00bb]<\/p>\n<p style=\"text-align: justify;\">Un informe pericial es un documento formal realizado por un experto en un \u00e1rea determinada, con el fin de entregar una respuesta t\u00e9cnica fundada sobre una cuesti\u00f3n que se plantea. En determinados procedimientos judiciales existen dudas o problemas que deben resolverse para que el juez pueda emitir una sentencia y que \u00e9l, con su conocimientos y experiencia, no puede dilucidar. El perito especializado es el encargado de estudiar la cuesti\u00f3n y exponer su valoraci\u00f3n t\u00e9cnica.<\/p>\n<p>Un informe pericial puede ser tambi\u00e9n necesario al margen del entorno jur\u00eddico, especialmente en el \u00e1rea de litigios con compa\u00f1\u00edas de seguros y\/o derechos del Consumidor. En todos los casos es importante que el informe est\u00e9 debidamente formalizado y sea claro y entendible para las partes, especialmente para aqu\u00e9l que debe decidir.<\/p>\n<p>[\/et_pb_blurb][\/et_pb_column][et_pb_column type=\u00bb1_4&#8243; _builder_version=\u00bb4.16&#8243; custom_padding=\u00bb|||\u00bb global_colors_info=\u00bb{}\u00bb custom_padding__hover=\u00bb|||\u00bb][et_pb_blurb title=\u00bb C\u00f3mo se realiza un peritaje:\u00bb use_icon=\u00bbon\u00bb font_icon=\u00bb&#x55;||divi||400&#8243; _builder_version=\u00bb4.19.5&#8243; header_font=\u00bbCormorant Garamond||||||||\u00bb header_font_size=\u00bb24px\u00bb header_line_height=\u00bb1.8em\u00bb body_font=\u00bbKarla||||||||\u00bb body_text_color=\u00bbrgba(255,255,255,0.7)\u00bb body_font_size=\u00bb16px\u00bb body_line_height=\u00bb1.8em\u00bb text_orientation=\u00bbcenter\u00bb background_layout=\u00bbdark\u00bb animation=\u00bboff\u00bb global_colors_info=\u00bb{}\u00bb]<\/p>\n<p><span>La realizaci\u00f3n de un peritaje o informe t\u00e9cnico requiere el desarrollo de una metodolog\u00eda de trabajo correctamente definida, que potencie un estudio objetivo y coherente de cada caso de forma individualizada.<\/span><\/p>\n<p>[\/et_pb_blurb][\/et_pb_column][et_pb_column type=\u00bb1_4&#8243; _builder_version=\u00bb4.16&#8243; custom_padding=\u00bb|||\u00bb global_colors_info=\u00bb{}\u00bb custom_padding__hover=\u00bb|||\u00bb][et_pb_blurb title=\u00bbHonorarios\u00bb use_icon=\u00bbon\u00bb font_icon=\u00bb&#xf155;||fa||900&#8243; _builder_version=\u00bb4.19.5&#8243; header_font=\u00bbCormorant Garamond||||||||\u00bb header_font_size=\u00bb24px\u00bb header_line_height=\u00bb1.8em\u00bb body_font=\u00bbKarla||||||||\u00bb body_text_align=\u00bbjustify\u00bb body_text_color=\u00bbrgba(255,255,255,0.7)\u00bb body_font_size=\u00bb16px\u00bb body_line_height=\u00bb1.8em\u00bb text_orientation=\u00bbcenter\u00bb background_layout=\u00bbdark\u00bb animation=\u00bboff\u00bb global_colors_info=\u00bb{}\u00bb]<\/p>\n<p style=\"text-align: justify;\">Para efectuar el correspondiente informe, \u00e9stos se calculan objetivamente de acuerdo a la complejidad que cada caso requiere, analizando el terreno, entrevistas, documentaci\u00f3n inserta en el correspondiente proceso, y situaciones anexas, como ser levantamientos topogr\u00e1ficos y planim\u00e9tricos del \u00e1rea, inspecci\u00f3n mec\u00e1nica y\/o da\u00f1os de los m\u00f3viles involucrados, recreaci\u00f3n del hecho mediante tecnolog\u00eda de punta, como es el programa \u201cAras 360o\u201d, del cual contamos con la correspondiente Licencia, y si corresponde, ex\u00e1menes de laboratorio de piezas y\/o partes, adem\u00e1s se debe considerar los tiempos que requiere la investigaci\u00f3n.<\/p>\n<p style=\"text-align: justify;\">Todo ello se resume en que confeccionamos una propuesta econ\u00f3mica cerrada (Inspecci\u00f3n en terreno- Estudio de los antecedentes, Confecci\u00f3n del documento, Tribunales), de acuerdo al trabajo que debe realizarse y, consecuentemente, al tiempo que vamos a dedicar, nuestros honorarios se ajustar\u00e1n a nuestro esfuerzo. Nuestros honorarios demuestran un trabajo honesto, profesional y de acuerdo a sus necesidades.<\/p>\n<p>[\/et_pb_blurb][\/et_pb_column][et_pb_column type=\u00bb1_4&#8243; _builder_version=\u00bb4.16&#8243; custom_padding=\u00bb|||\u00bb global_colors_info=\u00bb{}\u00bb custom_padding__hover=\u00bb|||\u00bb][et_pb_blurb title=\u00bbConfidencialidad\u00bb use_icon=\u00bbon\u00bb font_icon=\u00bb&#xf4b3;||fa||900&#8243; _builder_version=\u00bb4.19.5&#8243; header_font=\u00bbCormorant Garamond||||||||\u00bb header_font_size=\u00bb24px\u00bb header_line_height=\u00bb1.8em\u00bb body_font=\u00bbKarla||||||||\u00bb body_text_align=\u00bbjustify\u00bb body_text_color=\u00bbrgba(255,255,255,0.7)\u00bb body_font_size=\u00bb16px\u00bb body_line_height=\u00bb1.8em\u00bb text_orientation=\u00bbcenter\u00bb background_layout=\u00bbdark\u00bb animation=\u00bboff\u00bb locked=\u00bboff\u00bb global_colors_info=\u00bb{}\u00bb]<\/p>\n<p>Con nuestros clientes, desde la 1a entrevista. Nos comprometemos a utilizarla informaci\u00f3n a la que tenga acceso \u00fanicamente para la realizaci\u00f3n del informe t\u00e9cnico-pericial.<\/p>\n<p>En dicho documento tambi\u00e9n incluimos el cumplimiento de la protecci\u00f3n de los datos personales seg\u00fan la legislaci\u00f3n vigente.<\/p>\n<p>Mantenemos en rigurosamente en custodia toda la documentaci\u00f3n desde im\u00e1genes expl\u00edcitas de los hechos (accidente de Tto.) y sus consecuencias hasta el documento menos trascendente.<\/p>\n<p style=\"text-align: justify;\">Toda la informaci\u00f3n que recibimos de usted se archiva en nuestros servidores centrales y solamente es accesible para el perito encargado de analizarla.<\/p>\n<p>[\/et_pb_blurb][\/et_pb_column][\/et_pb_row][\/et_pb_section]<\/p>\n","protected":false},"excerpt":{"rendered":"<p>Miembro fundador del Colegio Profesional de Peritos de Chile. AG.Atenci\u00f3n en todo chile: Actualmente estamos inscritos en todas las jurisdiccionesde las Cortes de Apelaciones del pa\u00eds.Desde Arica hasta Punta Arenas, ratificados por la Excma. Corte Suprema de Justicia.Peritos Chile &#8211; 30 a\u00f1os de experiencia El peritoJudicial es un profesional experto que tiene conocimiento sobre una [&hellip;]<\/p>\n","protected":false},"author":1,"featured_media":0,"parent":0,"menu_order":0,"comment_status":"closed","ping_status":"closed","template":"","meta":{"_et_pb_use_builder":"on","_et_pb_old_content":"","_et_gb_content_width":""},"_links":{"self":[{"href":"https:\/\/bahamondes.cl\/index.php\/wp-json\/wp\/v2\/pages\/15"}],"collection":[{"href":"https:\/\/bahamondes.cl\/index.php\/wp-json\/wp\/v2\/pages"}],"about":[{"href":"https:\/\/bahamondes.cl\/index.php\/wp-json\/wp\/v2\/types\/page"}],"author":[{"embeddable":true,"href":"https:\/\/bahamondes.cl\/index.php\/wp-json\/wp\/v2\/users\/1"}],"replies":[{"embeddable":true,"href":"https:\/\/bahamondes.cl\/index.php\/wp-json\/wp\/v2\/comments?post=15"}],"version-history":[{"count":13,"href":"https:\/\/bahamondes.cl\/index.php\/wp-json\/wp\/v2\/pages\/15\/revisions"}],"predecessor-version":[{"id":125,"href":"https:\/\/bahamondes.cl\/index.php\/wp-json\/wp\/v2\/pages\/15\/revisions\/125"}],"wp:attachment":[{"href":"https:\/\/bahamondes.cl\/index.php\/wp-json\/wp\/v2\/media?parent=15"}],"curies":[{"name":"wp","href":"https:\/\/api.w.org\/{rel}","templated":true}]}}